{"id":506,"date":"2024-11-08T18:58:44","date_gmt":"2024-11-08T17:58:44","guid":{"rendered":"https:\/\/www.liga-dag.com\/?page_id=506"},"modified":"2024-11-08T18:58:44","modified_gmt":"2024-11-08T17:58:44","slug":"dsgvo","status":"publish","type":"page","link":"https:\/\/www.liga-dag.com\/index.php\/dsgvo\/","title":{"rendered":"DSGVO"},"content":{"rendered":"\n<p>Wir, die olivia office gmbh in Zusammenarbeit mit Michaela Schwarz, MSc (im Folgenden \u201eLife-Coach\u201c), nehmen als Verantwortliche im Sinne der Datenschutzgrundverordnung (im Folgenden \u201eDSGVO\u201c) den Schutz Ihrer pers\u00f6nlichen Daten sehr ernst und halten uns an die gesetzlichen Bestimmungen zum Datenschutz.<\/p>\n\n\n\n<p><br>A. WWW.SCHWARZ-COACHING.COM BZW. WWW.LIGA-DAG.COM<br>I. ALLGEMEINES ZUM BESUCH DER INTERNETSEITEN<br>II. BEREITSTELLUNG DER INTERNETSEITEN UND ERSTELLUNG VON LOGFILES<br>III. VERWENDUNG VON COOKIES<br>IV. SONSTIGE DIENSTE<br>V. SOCIAL MEDIA<br>VI. SICHERE DATEN\u00dcBERTRAGUNG<br>VII. KATEGORIEN VON EMPF\u00c4NGERN, \u00dcBERMITTLUNG IN DRITTSTAATEN<br>B. RECHTE DER BETROFFENEN PERSON UND DATENSCHUTZBEAUFTRAGTER<\/p>\n\n\n\n<p><strong>A. activebeauty.at und Onlinedienste<\/strong><\/p>\n\n\n\n<p>Im Folgenden m\u00f6chten wir Sie dar\u00fcber informieren, welche Daten wir \u00fcber Sie erheben, wenn Sie uns auf unserer Internetseite auf www.schwarz-coaching.com besuchen und wof\u00fcr wir Ihre Daten verwenden:<\/p>\n\n\n\n<p><strong>I. Allgemeines zum Besuch der Internetseiten<\/strong><\/p>\n\n\n\n<p>Wir erheben und verwenden personenbezogene Daten unserer Nutzer grunds\u00e4tzlich nur, soweit dies zur Bereitstellung einer funktionsf\u00e4higen Internetseite sowie unserer Inhalte und Leistungen erforderlich ist. Die Erhebung und Verwendung personenbezogener Daten unserer Nutzer erfolgt regelm\u00e4\u00dfig nur auf Grundlage eines mit dem Nutzer geschlossenen Vertrages oder nach vorheriger Einwilligung des Nutzers. Eine Ausnahme gilt in solchen F\u00e4llen, in denen ein Einholen einer Einwilligung aus tats\u00e4chlichen Gr\u00fcnden nicht m\u00f6glich ist oder die Verarbeitung der Daten durch andere gesetzliche Vorschriften gestattet ist.<\/p>\n\n\n\n<p>II. Bereitstellung der Internetseiten und Erstellung von Logfiles<\/p>\n\n\n\n<p>Bei jedem Aufruf unserer Internetseiten erfasst unser System automatisiert Daten und Informationen vom Computersystem des aufrufenden Rechners.<\/p>\n\n\n\n<p>Folgende Daten werden hierbei erhoben:<\/p>\n\n\n\n<p>Folgende Daten werden hierbei erhoben:\u2022 Request (Dateiname der angeforderten Datei) (Bsp. www.schwarz-coaching.com\/impressum)\u2022 Browsertyp \/ -version\u2022 Browsersprache (Bsp.: Deutsch)\u2022 verwendetes Betriebssystem (Bsp.: Windows 10)\u2022 innere Aufl\u00f6sung des Browserfensters\u2022 Bildschirmaufl\u00f6sung\u2022 Javascriptaktivierung\u2022 Java An \/ Aus\u2022 Cookies An \/ Aus\u2022 Farbtiefe\u2022 Referrer URL (die zuvor besuchte Seite)\u2022 IP Adresse (wird anonymisiert)\u2022 Uhrzeit des Zugriffs\u2022 Klicks\u2022 Formularinhalte\u2022 ggf. Formularinhalte (bei Freitextfeldern, bspw. Name und Passwort, wird nur die Information &#8222;ausgef\u00fcllt&#8220; oder &#8222;nicht ausgef\u00fcllt&#8220; \u00fcbertragen).<\/p>\n\n\n\n<p>Die Daten werden in den Logfiles unseres Systems gespeichert. Die Auswertungen dieser Logfile-Datens\u00e4tze in anonymisierter Form dienen dazu, Fehler schneller zu finden und schnellstm\u00f6glich beheben zu k\u00f6nnen. Dar\u00fcber hinaus k\u00f6nnen wir dadurch Serverkapazit\u00e4ten steuern und unser Angebot weiter verbessern. IP-Adressen verwenden wir ausschlie\u00dflich in Ausnahmef\u00e4llen zu Zwecken der Missbrauchsanalyse. In diesen Zwecken liegt unser berechtigtes Interesse an der Datenverarbeitung nach Art. 6 Abs. 1 f) DSGVO. Dies ist auch die Rechtsgrundlage f\u00fcr die Verarbeitung. Eine Auswertung der Daten zu Marketingzwecken findet in diesem Zusammenhang nicht statt. Die in Logfiles gespeicherten Daten werden nach sp\u00e4testens 30 Tagen gel\u00f6scht.<\/p>\n\n\n\n<p><strong>III. Verwendung von Cookies<\/strong><\/p>\n\n\n\n<p>Unsere Internetseiten verwenden an mehreren Stellen sogenannte Cookies. Cookies sind kleine Textdateien, die auf Ihrem Rechner abgelegt und von Ihrem Browser gespeichert werden k\u00f6nnen. Eine Zusammenf\u00fchrung dieser Daten mit anderen Datenquellen wird nicht vorgenommen, es sei denn, dies dient der Erf\u00fcllung eines mit Ihnen geschlossenen Vertrages, Sie haben eine ausdr\u00fcckliche Erlaubnis hierf\u00fcr erteilt oder es besteht eine gesetzliche oder andere Rechtfertigungsgrundlage. Ruft ein Nutzer eine Website auf, so kann ein Cookie im Browser auf dem Ger\u00e4t des Nutzers gespeichert werden. Dieses Cookie enth\u00e4lt eine charakteristische Zeichenfolge, die eine eindeutige Identifizierung des Browsers beim erneuten Aufrufen der Website erm\u00f6glicht.<\/p>\n\n\n\n<p>Einige der von uns verwendeten Cookies sind so genannte \u201eSession-Cookies\u201c, die gel\u00f6scht werden, wenn Sie Ihre Browsersitzung beenden. Daneben gibt es einige langlebige Cookies, mittels derer wir Sie als Besucher wiedererkennen. Cookies richten auf Ihrem Rechner keinen Schaden an und enthalten keine Viren.<\/p>\n\n\n\n<p>In den Cookies werden dabei folgende Daten bzw. Informationen gespeichert und verarbeitet:<\/p>\n\n\n\n<p>\u2022 ggf. Lastenreduzierung, Lebensdauer: eine Sitzung<\/p>\n\n\n\n<p>\u2022 Auswahl mittels Cookie-Bar, Lebensdauer: 1 Jahr nach dem letzten Besuch.<\/p>\n\n\n\n<p>Die Rechtsgrundlage f\u00fcr die Verarbeitung personenbezogener Daten unter Verwendung von Cookies ist Art. 6 Abs. 1 f) DSGVO. Wir setzen Cookies ein, die insbesondere f\u00fcr die Funktionalit\u00e4ten von www.schwarz-coaching.com erforderlich sind. Einige Elemente unserer Webseite erfordern es, dass der aufrufende Browser auch nach einem Seitenwechsel identifiziert werden kann. In diesen Zwecken liegt unser berechtigtes Interesse in der Verarbeitung der personenbezogenen Daten nach Art. 6 Abs. 1 f) DSGVO.<\/p>\n\n\n\n<p>Cookies werden auf dem Rechner des Nutzers gespeichert und von diesem an unsere Seite \u00fcbermittelt. Daher haben Sie als Nutzer auch die volle Kontrolle \u00fcber die Verwendung von Cookies. Durch eine \u00c4nderung der Einstellungen in Ihrem Internetbrowser k\u00f6nnen Sie die \u00dcbertragung von Cookies deaktivieren oder einschr\u00e4nken. Bereits gespeicherte Cookies k\u00f6nnen jederzeit gel\u00f6scht werden. Dies kann auch automatisiert erfolgen. Werden Cookies f\u00fcr unsere Internetseiten deaktiviert, k\u00f6nnen m\u00f6glicherweise nicht mehr alle Funktionen der Internetseite vollumf\u00e4nglich genutzt werden.<\/p>\n\n\n\n<p><strong>IV. Gewinnspiele<\/strong><\/p>\n\n\n\n<p><strong>1. Beschreibung und Umfang der Datenverarbeitung<\/strong><\/p>\n\n\n\n<p>Insofern Sie an einem unserer Gewinnspiele teilnehmen, so erheben wir Ihre personenbezogenen Daten wie zB. Ihre Anrede, Ihren Vor- und Nachnamen, Ihre Emailadresse, Ihre Adresse etc.<\/p>\n\n\n\n<p>Mittels Gewinnspielformular, sowie auch dar\u00fcber hinaus (online, offline in Printmedien) bieten wir Ihnen an, an von uns veranstalteten Gewinnspielen teilzunehmen. Die Gewinne werden grunds\u00e4tzlich von uns an Sie versandt. Sofern dies im Einzelfall aufgrund der Beschaffenheit eines Gewinnes nicht m\u00f6glich ist, bspw. weil eine direkte Kontaktaufnahme mit unserem Gewinnspielpartner erfolgen muss oder das Paket nicht durch zus\u00e4tzliche Transportwege gef\u00e4hrdet werden soll, so geben wir in Ausnahmef\u00e4llen Ihre Daten an unseren jeweiligen Kooperationspartner weiter. Dieser ist bei dem jeweiligen Gewinnspiel angegeben. Weitere Informationen werden dem jeweiligen Gewinnspiel beigeschlossen.<\/p>\n\n\n\n<p><strong>2. Rechtliche Grundlage und L\u00f6schung<\/strong><\/p>\n\n\n\n<p>Wir nutzen die im Rahmen der Teilnahme des Gewinnspiels angegebenen Daten ausschlie\u00dflich zur Abwicklung des Gewinnspiels. Rechtsgrundlage f\u00fcr die Verarbeitung der Daten im Rahmen des Gewinnspieles ist Art. 6 Abs. 1 b) DSGVO. Ihre Daten werden sp\u00e4testens 12 Monate nach Ziehung gel\u00f6scht, es sei denn, bei dem Gewinnspiel ist ein l\u00e4ngerer Zeitraum angegeben oder eine l\u00e4ngere Aufbewahrungsfrist ist aufgrund gesetzlicher Vorschriften notwendig. Rechtsgrundlage f\u00fcr die \u00dcbermittlung der Daten an den jeweiligen Kooperationspartner sowie Versanddienstleister ist Art. 6 Abs. 1 b) DSGVO.<\/p>\n\n\n\n<p><strong>V. SONSTIGE DIENSTE<\/strong><\/p>\n\n\n\n<p><strong>1. Beschreibung und Umfang der Datenverarbeitung<\/strong><\/p>\n\n\n\n<p>Rechtliche Grundlage der Datenverarbeitung<\/p>\n\n\n\n<p>Die Erhebung und Verarbeitung der Daten erfolgt auf Grundlage von Art. 6 Abs. 1 f) DSGVO. F\u00fcr die Bereitstellung der Inhalte anderer Seiten ben\u00f6tigen wir Ihre oben genannten Daten. Ansonsten k\u00f6nnen wir Ihnen diese Funktionalit\u00e4t nicht zur Verf\u00fcgung stellen. In diesen Zwecken liegt auch unser berechtigtes Interesse in der Verarbeitung der Daten nach Art. 6 Abs. 1 f) DSGVO.<\/p>\n\n\n\n<p><strong>VI. SOCIAL MEDIA<\/strong><\/p>\n\n\n\n<p><strong>1. Facebook, Instagram, Youtube<\/strong><\/p>\n\n\n\n<p>Auf der Webseite von www.schwarz-coaching.com findet der Nutzer Links zu den Social Media-Diensten von Facebook, Instagram, und Youtube. Links zu den Internetseiten der Social Media-Dienste erkennt der Nutzer an dem jeweiligen Unternehmens-Logo. Wenn der Nutzer diesen Links folgt, erreicht er den Unternehmensauftritt von dm bzw. activebeauty bei dem jeweiligen Social Media-Dienst. Bei dem Anklicken eines Links zu einem Social Media-Dienst wird eine Verbindung zu den Servern des Social Media-Dienstes hergestellt. Hierdurch wird an die Server des Social Media-Dienstes \u00fcbermittelt, dass der Nutzer die www.schwarz-coaching.com Webseite besucht hat. Dar\u00fcber hinaus werden weitere Daten an den Anbieter des Social Media-Dienstes \u00fcbertragen. Das sind beispielsweise die Adresse der Webseite, auf der sich der aktivierte Link befindet, Datum und Uhrzeit des Aufrufs der Webseite bzw. der Aktivierung des Links, Informationen \u00fcber den verwendeten Browser und das verwendete Betriebssystem, IP-Adresse.<\/p>\n\n\n\n<p>Wenn der Nutzer im Zeitpunkt der Aktivierung des Links bereits bei dem entsprechenden Social Media-Dienst eingeloggt ist, kann der Anbieter des Social Media-Dienstes in der Lage sein, aus den \u00fcbermittelten Daten den Benutzernamen des Nutzers und ggf. sogar den echten Namen des Nutzers zu ermitteln und diese Informationen seinem pers\u00f6nlichen Benutzerkonto bei dem Social Media-Dienst zuzuordnen. Der Nutzer kann diese M\u00f6glichkeit der Zuordnung zu seinem pers\u00f6nlichen Benutzerkonto ausschlie\u00dfen, wenn er sich vorher aus seinem Benutzerkonto ausloggt.<\/p>\n\n\n\n<p>Die Server der Social Media-Dienste befinden sich in den USA und anderen L\u00e4ndern au\u00dferhalb der Europ\u00e4ischen Union. Die Daten k\u00f6nnen durch den Anbieter des Social Media-Dienstes daher auch in L\u00e4ndern au\u00dferhalb der Europ\u00e4ischen Union verarbeitet werden. Zu beachten ist, dass Unternehmen in diesen L\u00e4ndern einem Datenschutzgesetz unterliegen, das allgemein personenbezogene Daten nicht in demselben Ma\u00dfe sch\u00fctzt, wie es in den Mitgliedstaaten der Europ\u00e4ischen Union der Fall ist.<\/p>\n\n\n\n<p>Zu beachten ist, dass dm bzw. activebeauty keinen Einfluss auf Umfang, Art und Zweck der Datenverarbeitung durch den Anbieter des Social Media-Dienstes hat. N\u00e4here Informationen zur Verwendung der Nutzerdaten durch die auf der dm bzw. activebeauty Webseite eingebundenen Social Media-Dienste findet der Nutzer in der Datenschutzrichtlinie des jeweiligen Social Media-Dienstes.<\/p>\n\n\n\n<p>Hier finden Sie die Datenschutzhinweise zu den Social Media Diensten:<\/p>\n\n\n\n<p>Facebook:\u202fhttps:\/\/www.facebook.com\/policy.php<\/p>\n\n\n\n<p>Instagram:\u202fhttps:\/\/help.instagram.com\/519522125107875<\/p>\n\n\n\n<p>Youtube: https:\/\/www.google.de\/intl\/de\/policies\/privacy\/<\/p>\n\n\n\n<p><strong>VII. Sichere Daten\u00fcbertragung<\/strong><\/p>\n\n\n\n<p>Ihre pers\u00f6nlichen Daten werden bei uns sicher durch Verschl\u00fcsselung \u00fcbertragen. Wir bedienen uns dabei des Codierungssystems TLS. Wir sichern unsere Internetseiten und sonstige Systeme durch technische und organisatorische Ma\u00dfnahmen gegen Verlust, Zerst\u00f6rung, Zugriff, Ver\u00e4nderung oder Verbreitung Ihrer Daten durch unbefugte Personen ab.<\/p>\n\n\n\n<p><strong>VIII. Kategorien von Empf\u00e4ngern, \u00dcbermittlung in Drittstaaten<\/strong><\/p>\n\n\n\n<p>Wir \u00fcbermitteln Ihre Daten grunds\u00e4tzlich nicht an Dritte, es sei denn, wir sind hierzu gesetzlich verpflichtet (bspw. bei Aufforderung durch Strafverfolgungsbeh\u00f6rden) oder, wir ben\u00f6tigen diese zur Durchf\u00fchrung von Gesch\u00e4ftsprozessen oder bedienen uns dieser im Rahmen einer Auftragsverarbeitungsvereinbarung. Dies sind bspw. Versanddienstleister, Zahlungsdienstleister, Warenwirtschaftsdienstleister, Diensteanbieter f\u00fcr die Bestellabwicklung, Webhosting-Anbieter, Kommunikationsagenturen, externe Callcenter oder auch IT-Dienstleister. In allen F\u00e4llen beachten wir strikt die gesetzlichen Vorgaben.<\/p>\n\n\n\n<p>Hierbei k\u00f6nnen auch Daten an andere Staaten \u00fcbermittelt werden, in denen die o.g. Vertragspartner ggf. sitzen bzw. die Daten verarbeiten. Dies sind in erster Linie Staaten des Europ\u00e4ischen Wirtschaftsraums (EWR) sowie vereinzelt Staaten au\u00dferhalb des EWR. Solche L\u00e4nder haben m\u00f6glicherweise Datenschutzvorschriften, die anders und weniger sch\u00fctzend sind als die der EU. Dies kann z. B. zur Folge haben, dass Ihre Daten durch Beh\u00f6rden, zu Kontroll- und \u00dcberwachungszwecken, m\u00f6glicherweise auch ohne Rechtsbehelfsm\u00f6glichkeit, verarbeitet werden k\u00f6nnen. Wir implementieren f\u00fcr den Fall, dass personenbezogene Daten au\u00dferhalb der EU verarbeitet werden und kein Angemessenheitsbeschluss der Europ\u00e4ischen Kommission vorliegt, geeignete Sicherheitsvorkehrungen, einschlie\u00dflich des Abschlusses von EU-Standarddatenschutzklauseln.<\/p>\n\n\n\n<p>Den Vertragstext der EU-Standarddatenschutzklauseln erhalten Sie auf den Internetseiten der Europ\u00e4ischen Kommission, aufrufbar <a href=\"https:\/\/ec.europa.eu\/info\/law\/law-topic\/data-protection\/international-dimension-data-protection\/standard-contractual-clauses-scc_en\" target=\"_blank\" rel=\"noreferrer noopener\">hier<\/a>.<\/p>\n\n\n\n<p><strong>B. Rechte der betroffenen Person und Datenschutzbeauftragter<\/strong><\/p>\n\n\n\n<p><strong>1. Rechte der betroffenen Person<\/strong><\/p>\n\n\n\n<p><strong>a) Allgemein<\/strong><\/p>\n\n\n\n<p>Sie haben das Recht auf Auskunft \u00fcber die Verarbeitung der sie betreffenden personenbezogenen Daten, ein Recht auf Daten\u00fcbertragbarkeit sowie ggf. Rechte auf L\u00f6schung, Berichtigung, Einschr\u00e4nkung der Verarbeitung und\/oder Widerspruch gegen die Verarbeitung sowie ein Beschwerderecht bei einer Aufsichtsbeh\u00f6rde. Die Kontaktdaten der zust\u00e4ndigen Aufsichtsbeh\u00f6rde in \u00d6sterreich lautet wie folgt:<\/p>\n\n\n\n<p>\u00d6sterreichische Datenschutzbeh\u00f6rde<br>Barichgasse 40-42\u202f\u202f<br>1030 Wien<br>Telefon: +43 1 52 152-0<br>E-Mail:\u202fdsb@dsb.gv.at<\/p>\n\n\n\n<p>S\u00e4mtliche Rechte (mit Ausnahme des Beschwerderechtes) sind bei dm geltend zu machen. Weitere Informationen erhalten Sie von unserem Datenschutzbeauftragten.<\/p>\n\n\n\n<p><strong>b) Besondere Hinweise zum Widerspruchsrecht gem. Art. 21 DSGVO<\/strong><\/p>\n\n\n\n<p>Sie haben das Recht aus Gr\u00fcnden, die sich aus Ihrer besonderen Situation ergeben, jederzeit gegen die Verarbeitung Sie betreffender personenbezogener Daten, die auf Grundlage von Art. 6 Abs. 1 f) DSGVO (Datenverarbeitung zur Wahrung eines berechtigten Interesse) erfolgt, Widerspruch einzulegen. Dies gilt auch f\u00fcr ein auf diese Rechtsgrundlage gest\u00fctztes Profiling (Art. 4 Zif. 4 DSGVO).<\/p>\n\n\n\n<p>Sofern Sie Widerspruch einlegen werden wir Ihre personenbezogenen Daten nicht mehr verarbeiten, es sei denn, wir k\u00f6nnen zwingende schutzw\u00fcrdige Gr\u00fcnde f\u00fcr die Verarbeitung nachweisen, die Ihre Interessen, Rechte und Freiheiten \u00fcberwiegen, oder die Verarbeitung dient der Geltendmachung, Aus\u00fcbung oder Verteidigung von Rechtsanspr\u00fcchen. Sollte sich Ihr Widerspruch gegen die Verarbeitung Ihrer Daten zu Werbezwecken, gest\u00fctzt auf Art. 6 Abs. 1 f) DSGVO richten, werden wir die Verarbeitung ohne weitere Pr\u00fcfung umgehend einstellen. Dies gilt ebenso f\u00fcr ein mit in solchen Zusammenh\u00e4ngen stattfindendes Profiling.<\/p>\n\n\n\n<p><strong>c) Anfragen<\/strong><\/p>\n\n\n\n<p>Anfragen zu Datenausk\u00fcnften und -l\u00f6schungen sowie Abmeldungen bitte an folgende Adresse:  office@schwarz-coaching.com <\/p>\n\n\n\n<p><strong>2. Datenschutzbeauftragter<\/strong><\/p>\n\n\n\n<p>F\u00fcr Anfragen zum Datenschutz oder zu Ihren pers\u00f6nlichen Daten bei dm k\u00f6nnen Sie sich an unseren Datenschutzbeauftragten wenden: Michaela Schwarz, MSc per E-Mail: office@schwarz-coaching.com <\/p>\n\n\n\n<p>oder per Post:<\/p>\n\n\n\n<p>oliviaoffice gmbH<br>zHd. Michaela Schwarz, MSc<br>Pragerstra\u00dfe 4<br>3580 Horn<\/p>\n\n\n\n<p>Stand 2024<\/p>\n","protected":false},"excerpt":{"rendered":"<p>Wir, die olivia office gmbh in Zusammenarbeit mit Michaela Schwarz, MSc (im Folgenden \u201eLife-Coach\u201c), nehmen als Verantwortliche im Sinne der Datenschutzgrundverordnung (im Folgenden \u201eDSGVO\u201c) den Schutz Ihrer pers\u00f6nlichen Daten sehr ernst und halten uns an die gesetzlichen Bestimmungen zum Datenschutz. A. WWW.SCHWARZ-COACHING.COM BZW. WWW.LIGA-DAG.COMI. ALLGEMEINES ZUM BESUCH DER INTERNETSEITENII. BEREITSTELLUNG DER INTERNETSEITEN UND ERSTELLUNG VON [&hellip;]<\/p>\n","protected":false},"author":1,"featured_media":0,"parent":0,"menu_order":0,"comment_status":"closed","ping_status":"closed","template":"","meta":{"saved_in_kubio":false,"footnotes":""},"class_list":["post-506","page","type-page","status-publish","hentry"],"kubio_ai_page_context":{"short_desc":"","purpose":"general"},"_links":{"self":[{"href":"https:\/\/www.liga-dag.com\/index.php\/wp-json\/wp\/v2\/pages\/506","targetHints":{"allow":["GET"]}}],"collection":[{"href":"https:\/\/www.liga-dag.com\/index.php\/wp-json\/wp\/v2\/pages"}],"about":[{"href":"https:\/\/www.liga-dag.com\/index.php\/wp-json\/wp\/v2\/types\/page"}],"author":[{"embeddable":true,"href":"https:\/\/www.liga-dag.com\/index.php\/wp-json\/wp\/v2\/users\/1"}],"replies":[{"embeddable":true,"href":"https:\/\/www.liga-dag.com\/index.php\/wp-json\/wp\/v2\/comments?post=506"}],"version-history":[{"count":1,"href":"https:\/\/www.liga-dag.com\/index.php\/wp-json\/wp\/v2\/pages\/506\/revisions"}],"predecessor-version":[{"id":507,"href":"https:\/\/www.liga-dag.com\/index.php\/wp-json\/wp\/v2\/pages\/506\/revisions\/507"}],"wp:attachment":[{"href":"https:\/\/www.liga-dag.com\/index.php\/wp-json\/wp\/v2\/media?parent=506"}],"curies":[{"name":"wp","href":"https:\/\/api.w.org\/{rel}","templated":true}]}}